{"id":1924,"date":"2025-06-19T04:56:03","date_gmt":"2025-06-19T04:56:03","guid":{"rendered":"http:\/\/192.168.0.250\/business\/?page_id=1924"},"modified":"2025-07-05T08:15:07","modified_gmt":"2025-07-05T08:15:07","slug":"contact-us","status":"publish","type":"page","link":"https:\/\/rivanaclinic.com\/ar\/contact-us\/","title":{"rendered":"\u062a\u0648\u0627\u0635\u0644 \u0645\u0639\u0646\u0627"},"content":{"rendered":"<div class=\"wpb-content-wrapper\"><div id=\"rs-contact\" data-vc-full-width=\"true\" data-vc-full-width-init=\"false\" class=\"vc_row wpb_row vc_row-fluid rs-contact vc_custom_1565179625221 vc_row-has-fill vc_row-o-equal-height vc_row-o-content-middle vc_row-flex\"><div class=\"sm-hidden wpb_column vc_column_container vc_col-sm-1\"><div class=\"vc_column-inner\"><div class=\"wpb_wrapper\"><\/div><\/div><\/div><div class=\"wpb_column vc_column_container vc_col-sm-10\"><div class=\"vc_column-inner\"><div class=\"wpb_wrapper\">\n\t<div class=\"wpb_text_column wpb_content_element\" >\n\t\t<div class=\"wpb_wrapper\">\n\t\t\t<h2 style=\"text-align: center;\"><span style=\"color: #3550a8;\"><strong data-start=\"404\" data-end=\"428\">\u062a\u0648\u0627\u0635\u0644 \u0645\u0639\u0646\u0627<\/strong><\/span><\/h2>\n\n\t\t<\/div>\n\t<\/div>\n<div class=\"vc_row wpb_row vc_inner vc_row-fluid contact-2-info vc_custom_1562839555029 vc_row-o-equal-height vc_row-o-content-middle vc_row-flex\"><div class=\"moblc-mr0 mobc-plr15 wpb_column vc_column_container vc_col-sm-4 vc_col-has-fill\"><div class=\"vc_column-inner vc_custom_1751702120112\"><div class=\"wpb_wrapper\">\n\t<div class=\"wpb_text_column wpb_content_element\" >\n\t\t<div class=\"wpb_wrapper\">\n\t\t\t<h3 style=\"text-align: center;\"><span style=\"color: #ffffff;\"><strong>\u0645\u0639\u0644\u0648\u0645\u0627\u062a \u0627\u0644\u062a\u0648\u0627\u0635\u0644<\/strong><\/p>\n<p><\/span><\/h3>\n\n\t\t<\/div>\n\t<\/div>\n\r\n       <div class=\"rs-contact\">\r\n        <div class=\"contact-address style3  vc_custom_1751703245959\"><div class=\"address-item\">\r\n                <div class=\"address-icon\">\r\n                    <i class=\"icon icon-basic-smartphone\"><\/i>\r\n                <\/div>\r\n                <div class=\"address-text\">\r\n                    <h3 class=\"contact-title\">\u0627\u0644\u0648\u0627\u062a\u0633 \u0627\u0628<\/h3>\r\n                    <a href= \"tel:++90 538 638 12 30\">+90 538 638 12 30<\/a>\r\n                <\/div>\r\n            <\/div><div class=\"address-item\">\r\n                    <div class=\"address-icon\">\r\n                        <i class=\"icon icon-basic-mail-multiple\"><\/i>\r\n                    <\/div>\r\n                    <div class=\"address-text\">\r\n                        <h3 class=\"contact-title\">\u0627\u0644\u0628\u0631\u064a\u062f \u0627\u0644\u0627\u0644\u0643\u062a\u0631\u0648\u0646\u064a<\/h3>\r\n                        <a href= \"mailto:support@rivanaclinic.com\">support@rivanaclinic.com<\/a>                   \r\n                    <\/div>\r\n                <\/div><div class=\"address-item\">\r\n                    <div class=\"address-icon\">\r\n                        <i class=\"icon icon-basic-geolocalize-01\"><\/i>\r\n                    <\/div>\r\n                    <div class=\"address-text\">\r\n                        <h3 class=\"contact-title\">\u0627\u0644\u0639\u0646\u0648\u0627\u0646<\/h3>\r\n                        S\u00fcmer, Prof. Dr. Turan G\u00fcne\u015f Cd , 34025 Zeytinburnu\/\u0130stanbul\r\n                    <\/div>\r\n                <\/div><\/div><\/div><\/div><\/div><\/div><div class=\"home-appointment moblc-mt30 mobc-plr30 wpb_column vc_column_container vc_col-sm-8 vc_col-has-fill\"><div class=\"vc_column-inner vc_custom_1751703290543\"><div class=\"wpb_wrapper\">\n<div class=\"wpcf7 no-js\" id=\"wpcf7-f7651-o1\" lang=\"en-US\" dir=\"ltr\" data-wpcf7-id=\"7651\">\n<div class=\"screen-reader-response\"><p role=\"status\" aria-live=\"polite\" aria-atomic=\"true\"><\/p> <ul><\/ul><\/div>\n<form action=\"\/ar\/wp-json\/wp\/v2\/pages\/1924#wpcf7-f7651-o1\" method=\"post\" class=\"wpcf7-form init\" aria-label=\"Contact form\" novalidate=\"novalidate\" data-status=\"init\" data-trp-original-action=\"\/ar\/wp-json\/wp\/v2\/pages\/1924#wpcf7-f7651-o1\">\n<div style=\"display: none;\">\n<input type=\"hidden\" name=\"_wpcf7\" value=\"7651\" \/>\n<input type=\"hidden\" name=\"_wpcf7_version\" value=\"6.0.6\" \/>\n<input type=\"hidden\" name=\"_wpcf7_locale\" value=\"en_US\" \/>\n<input type=\"hidden\" name=\"_wpcf7_unit_tag\" value=\"wpcf7-f7651-o1\" \/>\n<input type=\"hidden\" name=\"_wpcf7_container_post\" value=\"0\" \/>\n<input type=\"hidden\" name=\"_wpcf7_posted_data_hash\" value=\"\" \/>\n<\/div>\n<div class=\"contact-page1 row\">\n\t<div class=\"col-sm-6\">\n\t\t<p><label>\u0627\u0644\u0627\u0633\u0645<\/label><br \/>\n<span class=\"wpcf7-form-control-wrap\" data-name=\"your-name\"><input size=\"40\" maxlength=\"400\" class=\"wpcf7-form-control wpcf7-text wpcf7-validates-as-required\" aria-required=\"true\" aria-invalid=\"false\" placeholder=\"\u0627\u0644\u0627\u0633\u0645\" value=\"\" type=\"text\" name=\"your-name\" \/><\/span>\n\t\t<\/p>\n\t<\/div>\n\t<div class=\"col-sm-6\">\n\t\t<p><label>\u0627\u0644\u0628\u0631\u064a\u062f \u0627\u0644\u0627\u0644\u0643\u062a\u0631\u0648\u0646\u064a<\/label><br \/>\n<span class=\"wpcf7-form-control-wrap\" data-name=\"your-email\"><input size=\"40\" maxlength=\"400\" class=\"wpcf7-form-control wpcf7-email wpcf7-validates-as-required wpcf7-text wpcf7-validates-as-email\" aria-required=\"true\" aria-invalid=\"false\" placeholder=\"E-Mail\" value=\"\" type=\"email\" name=\"your-email\" \/><\/span>\n\t\t<\/p>\n\t<\/div>\n\t<div class=\"col-sm-6\">\n\t\t<p><label>\u0631\u0642\u0645 \u0627\u0644\u0647\u0627\u062a\u0641<\/label><br \/>\n<span class=\"wpcf7-form-control-wrap\" data-name=\"your-phone\"><input size=\"40\" maxlength=\"400\" class=\"wpcf7-form-control wpcf7-tel wpcf7-validates-as-required wpcf7-text wpcf7-validates-as-tel\" aria-required=\"true\" aria-invalid=\"false\" placeholder=\"\u0631\u0642\u0645 \u0627\u0644\u0647\u0627\u062a\u0641\" value=\"\" type=\"tel\" name=\"your-phone\" \/><\/span>\n\t\t<\/p>\n\t<\/div>\n\t<div class=\"col-sm-6 select-doctors\">\n\t\t<p><label>\u0627\u062e\u062a\u0631 \u0627\u0644\u062e\u062f\u0645\u0629<\/label><br \/>\n<span class=\"wpcf7-form-control-wrap\" data-name=\"menu-875\"><select class=\"wpcf7-form-control wpcf7-select wpcf7-validates-as-required\" aria-required=\"true\" aria-invalid=\"false\" name=\"menu-875\"><option value=\"Select Department\">\u0627\u062e\u062a\u0631 \u0627\u0644\u062e\u062f\u0645\u0629<\/option><option value=\"Dental Services\">\u062e\u062f\u0645\u0627\u062a \u0637\u0628 \u0627\u0644\u0623\u0633\u0646\u0627\u0646<\/option><option value=\"Hair Transplant\">\u0632\u0631\u0627\u0639\u0629 \u0627\u0644\u0634\u0639\u0631<\/option><option value=\"Plastic Surgery\">\u0627\u0644\u062c\u0631\u0627\u062d\u0629 \u062a\u062c\u0645\u064a\u0644\u064a\u0629<\/option><\/select><\/span>\n\t\t<\/p>\n\t<\/div>\n\t<div class=\"col-sm-12\">\n\t\t<p><label>\u0627\u0644\u0631\u0633\u0627\u0644\u0629<\/label><br \/>\n<span class=\"wpcf7-form-control-wrap\" data-name=\"your-message\"><textarea cols=\"40\" rows=\"10\" maxlength=\"2000\" class=\"wpcf7-form-control wpcf7-textarea\" aria-invalid=\"false\" placeholder=\"Your Message Here\" name=\"your-message\"><\/textarea><\/span>\n\t\t<\/p>\n\t<\/div>\n\t<div class=\"form-button col-sm-12\">\n\t\t<p class=\"submit-btn\"><br \/>\n<input class=\"wpcf7-form-control wpcf7-submit has-spinner\" type=\"submit\" value=\"\u062a\u0648\u0627\u0635\u0644 \u0645\u0639\u0646\u0627\" \/><br \/>\n<i class=\"fa flaticon-right-arrow\"><\/i>\n\t\t<\/p>\n\t<\/div>\n<\/div><div class=\"wpcf7-response-output\" aria-hidden=\"true\"><\/div>\n<input type=\"hidden\" name=\"trp-form-language\" value=\"ar\"\/><\/form>\n<\/div>\n<\/div><\/div><\/div><\/div><\/div><\/div><\/div><div class=\"sm-hidden wpb_column vc_column_container vc_col-sm-1\"><div class=\"vc_column-inner\"><div class=\"wpb_wrapper\"><\/div><\/div><\/div><\/div><div class=\"vc_row-full-width vc_clearfix\"><\/div>\n<\/div>","protected":false},"excerpt":{"rendered":"Get in Touch with Us Contact information WhatsApp +90 538 638 12 30 E-mail Address support@rivanaclinic.com Address S\u00fcmer, Prof. Dr. Turan G\u00fcne\u015f Cd , 34025 Zeytinburnu\/\u0130stanbul Name Email Phone Number Select Department Select DepartmentDental ServicesHair TransplantPlastic Surgery Your Message","protected":false},"author":1,"featured_media":0,"parent":0,"menu_order":0,"comment_status":"closed","ping_status":"closed","template":"","meta":{"footnotes":""},"class_list":["post-1924","page","type-page","status-publish","hentry"],"_links":{"self":[{"href":"https:\/\/rivanaclinic.com\/ar\/wp-json\/wp\/v2\/pages\/1924","targetHints":{"allow":["GET"]}}],"collection":[{"href":"https:\/\/rivanaclinic.com\/ar\/wp-json\/wp\/v2\/pages"}],"about":[{"href":"https:\/\/rivanaclinic.com\/ar\/wp-json\/wp\/v2\/types\/page"}],"author":[{"embeddable":true,"href":"https:\/\/rivanaclinic.com\/ar\/wp-json\/wp\/v2\/users\/1"}],"replies":[{"embeddable":true,"href":"https:\/\/rivanaclinic.com\/ar\/wp-json\/wp\/v2\/comments?post=1924"}],"version-history":[{"count":16,"href":"https:\/\/rivanaclinic.com\/ar\/wp-json\/wp\/v2\/pages\/1924\/revisions"}],"predecessor-version":[{"id":7668,"href":"https:\/\/rivanaclinic.com\/ar\/wp-json\/wp\/v2\/pages\/1924\/revisions\/7668"}],"wp:attachment":[{"href":"https:\/\/rivanaclinic.com\/ar\/wp-json\/wp\/v2\/media?parent=1924"}],"curies":[{"name":"wp","href":"https:\/\/api.w.org\/{rel}","templated":true}]}}